{"id":221,"date":"2019-02-21T11:54:20","date_gmt":"2019-02-21T10:54:20","guid":{"rendered":"http:\/\/alterama.fr\/?page_id=221"},"modified":"2024-06-13T11:01:05","modified_gmt":"2024-06-13T09:01:05","slug":"developpement-des-competences","status":"publish","type":"page","link":"https:\/\/www.alterama.fr\/index.php\/developpement-des-competences\/","title":{"rendered":"D\u00e9veloppement des comp\u00e9tences"},"content":{"rendered":"\n<div class=\"wp-block-cover is-light\"><span aria-hidden=\"true\" class=\"wp-block-cover__background has-background-dim\" style=\"background-color:#192d5a\"><\/span><img loading=\"lazy\" decoding=\"async\" width=\"2956\" height=\"1810\" class=\"wp-block-cover__image-background wp-image-449\" alt=\"\" src=\"https:\/\/www.alterama.fr\/wp-content\/uploads\/2019\/03\/ALTERAMA-7.png\" data-object-fit=\"cover\" srcset=\"https:\/\/www.alterama.fr\/wp-content\/uploads\/2019\/03\/ALTERAMA-7.png 2956w, https:\/\/www.alterama.fr\/wp-content\/uploads\/2019\/03\/ALTERAMA-7-300x184.png 300w, https:\/\/www.alterama.fr\/wp-content\/uploads\/2019\/03\/ALTERAMA-7-768x470.png 768w, https:\/\/www.alterama.fr\/wp-content\/uploads\/2019\/03\/ALTERAMA-7-1024x627.png 1024w\" sizes=\"(max-width: 2956px) 100vw, 2956px\" \/><div class=\"wp-block-cover__inner-container is-layout-flow wp-block-cover-is-layout-flow\">\n<p class=\"has-text-align-center has-large-font-size\"><\/p>\n<\/div><\/div>\n\n\n\n<hr class=\"wp-block-separator has-alpha-channel-opacity is-style-wide\"\/>\n\n\n\n<p class=\"has-text-color has-link-color wp-elements-6e050eb0f75f353811f9f93c97f36d0f\" style=\"color:#192d5a;font-size:18px\"><strong>ALTERAMA propose des prestations de conseil et d\u2019accompagnement ainsi que des solutions de portage vous permettant de d\u00e9ployer une strat\u00e9gie innovante de d\u00e9veloppement des comp\u00e9tences de vos collaborateurs<\/strong>.<\/p>\n\n\n<hr size=\"4\" width=\"100%\" \/>\n\n\n<p class=\"has-text-align-center has-text-color\" style=\"color:#00a596;font-size:24px\"><strong>D\u00c9PLOYER UN PLAN DE D\u00c9VELOPPEMENT DES COMP\u00c9TENCES<\/strong><\/p>\n\n\n<hr size=\"4\" width=\"100%\" \/>\n\n\n<p>Les employeurs ont l\u2019obligation de proposer \u00e0 leurs salari\u00e9s <strong>au moins une action de formation non-obligatoire tous les 6 ans<\/strong> permettant de garantir leur <strong>adaptation au poste <\/strong>de travail, leur <strong>maintien dans l\u2019emploi<\/strong> et leur&nbsp;<strong>s\u00e9curit\u00e9 au travail<\/strong>, sous peine de devoir s\u2019acquitter d\u2019une amende administrative ou d\u2019un <strong>sur-abondement de 3000 \u20ac <\/strong>au Compte Personne de Formation (CPF).<\/p>\n\n\n\n<p>ALTERAMA aide les entreprises \u00e0 faire de la formation des collaborateurs un outil au service de la performance de leur organisation en mettant en oeuvre un <strong>plan de d\u00e9veloppement des comp\u00e9tences<\/strong> <strong>(PDC) <\/strong>:<\/p>\n\n\n\n<ul>\n<li style=\"font-size:16px\"><strong>Cartographie des emplois et comp\u00e9tences<\/strong> de votre entreprise.<\/li>\n\n\n\n<li style=\"font-size:16px\"><strong>Analyse des besoins de formation<\/strong> de vos salari\u00e9s.<\/li>\n\n\n\n<li style=\"font-size:16px\"><strong>Rep\u00e9rage des actions de formation<\/strong> \u00e0 mettre en oeuvre et des organismes de formation \u00e0 associer.<\/li>\n\n\n\n<li style=\"font-size:16px\"><strong>D\u00e9finition du budget<\/strong> formation et identification des leviers de financement.<\/li>\n\n\n\n<li style=\"font-size:16px\"><strong>Planification<\/strong> des actions de formation.<\/li>\n\n\n\n<li style=\"font-size:16px\"><strong>Mise en place des outils de pilotage <\/strong>et de suivi du Plan de D\u00e9veloppement des Comp\u00e9tences.<\/li>\n<\/ul>\n\n\n\n<hr class=\"wp-block-separator has-alpha-channel-opacity is-style-wide\"\/>\n\n\n\n<p class=\"has-text-align-center has-text-color\" style=\"color:#00a596;font-size:24px\"><strong>CR\u00c9ER DES MODULES SUR-MESURE ET DES PARCOURS DE FORMATION INDIVIDUALIS\u00c9S<\/strong><\/p>\n\n\n\n<hr class=\"wp-block-separator has-alpha-channel-opacity is-style-wide\"\/>\n\n\n\n<p style=\"font-size:16px\">ALTERAMA met \u00e0 votre service son savoir-faire en mati\u00e8re d\u2019<strong>ing\u00e9nierie de formation<\/strong> en vous accompagnant dans la conception de modules de formation adapt\u00e9s aux <strong>besoins sp\u00e9cifiques de votre activit\u00e9<\/strong> :<\/p>\n\n\n\n<ul>\n<li style=\"font-size:16px\"><strong>Identification des besoins<\/strong> <strong>de formation<\/strong> de vos salari\u00e9s.<\/li>\n\n\n\n<li style=\"font-size:16px\"><strong>D\u00e9finition des objectifs p\u00e9dagogiques<\/strong> et des programmes associ\u00e9s.<\/li>\n\n\n\n<li style=\"font-size:16px\"><strong>Cr\u00e9ation des d\u00e9roul\u00e9s p\u00e9dagogiques<\/strong>.<\/li>\n\n\n\n<li style=\"font-size:16px\"><strong>Identification des moyens humains <\/strong>\u00e0 mettre en oeuvre et cr\u00e9ation de la CVth\u00e8que des formateurs <\/li>\n\n\n\n<li style=\"font-size:16px\"><strong>Acquisition du mat\u00e9riel<\/strong> n\u00e9cessaire \u00e0 l&rsquo;organisation des sessions de formation.<\/li>\n\n\n\n<li style=\"font-size:16px\"><strong>Elaboration des outils d\u2019\u00e9valuation<\/strong> de l&rsquo;acquisition des connaissances, comp\u00e9tences et aptitudes professionnelles par les b\u00e9n\u00e9ficiaires.<\/li>\n\n\n\n<li style=\"font-size:16px\"><strong>Mise en place d&rsquo;une d\u00e9marche qualit\u00e9 <\/strong>permettant une am\u00e9lioration continue. <\/li>\n<\/ul>\n\n\n\n<p>ALTERAMA FORMATION est \u00e9galement en mesure de vous accompagner dans l\u2019\u00e9laboration de <strong>parcours de formation individualis\u00e9s<\/strong> permettant de faire progresser vos \u00e9quipes et de <strong>favoriser l\u2019\u00e9volution professionnelle<\/strong>.<\/p>\n\n\n<hr size=\"4\" width=\"100%\" \/>\n\n\n<p class=\"has-text-align-center has-text-color\" style=\"color:#00a596;font-size:24px\"><strong>PROFESSIONNALISER LA FORMATION INTERNE<\/strong><\/p>\n\n\n\n<hr class=\"wp-block-separator has-alpha-channel-opacity is-style-wide\"\/>\n\n\n\n<p>ALTERAMA vous accompagne dans la mise en place et la professionnalisation d&rsquo;un <strong>service de formation interne<\/strong> \u00e0 votre entreprise : <\/p>\n\n\n\n<ul>\n<li style=\"font-size:16px\">Aide \u00e0 la formalisation de votre <strong>Plan de D\u00e9veloppement des Comp\u00e9tences<\/strong>.<\/li>\n\n\n\n<li style=\"font-size:16px\"><strong>Formation de vos encadrants<\/strong> afin qu\u2019ils puissent animer les sessions.<\/li>\n\n\n\n<li style=\"font-size:16px\">Acc\u00e8s \u00e0 des <strong>modules de formation cl\u00e9s en main<\/strong> et \u00e0 des<strong> ressources p\u00e9dagogiques<\/strong>.<\/li>\n\n\n\n<li style=\"font-size:16px\"><strong>Portage de vos sessions<\/strong> afin qu\u2019elles soient <strong>conformes aux exigences r\u00e9glementaires<\/strong> et b\u00e9n\u00e9ficient de notre <strong>certification QUALIOPI<\/strong>.<\/li>\n\n\n\n<li style=\"font-size:16px\">Montage des dossiers de demande de <strong>financement par votre OPCO<\/strong> des co\u00fbts p\u00e9dagogiques et des salaires durant les formations.<\/li>\n\n\n\n<li style=\"font-size:16px\">Prise en charge des <strong>salaires des formateurs<\/strong> par ALTERAMA.<\/li>\n\n\n\n<li style=\"font-size:16px\">R\u00e9alisation des bilans et d\u00e9livrance des <strong>attestations de formation<\/strong>.<\/li>\n<\/ul>\n\n\n\n<p>Cette d\u00e9marche contribue \u00e0 la <strong>satisfaction de vos clients<\/strong> et participe \u00e0 l\u2019<strong>am\u00e9lioration de votre marque employeur<\/strong> et \u00e0 la <strong>fid\u00e9lisation de vos salari\u00e9s<\/strong>. Elle constitue pour vos encadrants une <strong>opportunit\u00e9 d\u2019\u00e9volution professionnelle<\/strong> g\u00e9n\u00e9rant des <strong>revenus compl\u00e9mentaires <\/strong>sans surco\u00fbt pour votre entreprise.<\/p>\n\n\n<hr size=\"4\" width=\"100%\" \/>\n\n\n<p class=\"has-text-align-center has-text-color\" style=\"color:#00a596;font-size:24px\"><strong>PORTAGE QUALIOPI DE VOTRE OFFRE DE FORMATION<\/strong><\/p>\n\n\n\n<hr class=\"wp-block-separator has-alpha-channel-opacity is-style-wide\"\/>\n\n\n\n<p>Les Organismes de Formation doivent respecter de nombreuses obligations administratives et r\u00e9glementaires. Cela permet de <strong>garantir la qualit\u00e9 <\/strong>de leur offre ainsi que <strong>l&rsquo;acquisition effective de comp\u00e9tences objet des formations<\/strong> par leurs b\u00e9n\u00e9ficiaires. <\/p>\n\n\n\n<p>ALTERAMA accompagne les dispensateurs de formation en prenant en charge l\u2019ensemble des <strong>aspects r\u00e9glementaires et administratifs <\/strong>afin qu&rsquo;ils puissent se concentrer sur leur coeur de m\u00e9tier : l&rsquo;animation de formations.<\/p>\n\n\n\n<ul style=\"font-size:16px\">\n<li><strong>Mise en conformit\u00e9 de votre offre de formation avec les exigences du r\u00e9f\u00e9rentiel QUALIOPI<\/strong>.<\/li>\n\n\n\n<li>R\u00e9alisation des d\u00e9marches de <strong>d\u00e9claration d\u2019activit\u00e9 de formateur<\/strong> en pr\u00e9fecture.<\/li>\n\n\n\n<li>R\u00e9alisation des <strong>Bilans P\u00e9dagogiques et Financiers<\/strong>.<\/li>\n\n\n\n<li>Gestion des <strong>veilles r\u00e9glementaires, p\u00e9dagogiques et m\u00e9tiers<\/strong>.<\/li>\n\n\n\n<li>R\u00e9daction des <strong>devis<\/strong>.<\/li>\n\n\n\n<li>Gestion des <strong>inscriptions<\/strong> et des <strong>bilans de positionnement<\/strong>.<\/li>\n\n\n\n<li>\u00c9laboration des <strong>conventions<\/strong> de formation et des <strong>dossiers de financement<\/strong>.<\/li>\n\n\n\n<li>Envoi des <strong>convocations<\/strong> et \u00e9dition des <strong>feuilles d\u2019\u00e9margement<\/strong>.<\/li>\n\n\n\n<li>R\u00e9daction des <strong>bilans de formation<\/strong>.<\/li>\n\n\n\n<li>D\u00e9livrance des <strong>attestations de formation<\/strong>.<\/li>\n\n\n\n<li><strong>Facturation<\/strong>, suivi des r\u00e8glements et des subrogations de paiement.<\/li>\n\n\n\n<li>Pilotage de la <strong>d\u00e9marche qualit\u00e9 <\/strong>et garantie de la <strong>conformit\u00e9 avec QUALIOPI<\/strong>.<\/li>\n<\/ul>\n\n\n\n<p>Les formations ainsi port\u00e9es par ALTERAMA b\u00e9n\u00e9ficient de notre certification QUALIOPI. Elles sont donc rendues \u00e9ligibles aux financement publics et paritaires.<\/p>\n\n\n\n<hr class=\"wp-block-separator has-alpha-channel-opacity is-style-wide\"\/>\n\n\n\n<p class=\"has-text-align-center has-text-color\" style=\"color:#6ec896\"><strong><a href=\"https:\/\/www.alterama.fr\/wp-content\/uploads\/2024\/06\/Plaquette-ALTERAMA-2024.pdf\" target=\"_blank\" rel=\"noreferrer noopener\">T\u00e9l\u00e9chargez notre plaquette<\/a><\/strong><\/p>\n\n\n\n<p class=\"has-text-align-center\">Pour en savoir plus, <a href=\"https:\/\/www.alterama.fr\/index.php\/contactez-nous\/\"><strong>contactez nous !<\/strong><\/a><\/p>\n\n\n\n<p style=\"color:#ffffff;font-size:1px\" class=\"has-text-color\">D\u00e9duction AGEFIPH. Obligation d&#8217;emploi de travailleurs handicap\u00e9s. OETH. Reconnaissance de la qualit\u00e9 de Travailleur Handicap\u00e9. Mission Handicap. Plan handicap. Politique handicap. D\u00e9marche handicap. Handicap. Insertion. Inclusion. Insertion professionnelle. Inclusion professionnelle. Parcours de formation. Formation. Taxe AGEFIPH. Contribution \u00e0 l&rsquo;AGEFIPH. Cr\u00e9ation d&#8217;emploi. Entreprise solidaire. Secteur prot\u00e9g\u00e9 et adapt\u00e9. Secteur adapt\u00e9. Secteur prot\u00e9g\u00e9. Entreprise Adapt\u00e9e. ESAT. EA Etablissement de Service d&rsquo;Aide par le Travail. Unit\u00e9 B\u00e9n\u00e9ficiaire. R\u00e9duction taxe AGEFIPH. Agr\u00e9ment. Solidaire. Achats responsables. Achats solidaires. RSE. Responsabilit\u00e9 Sociale des Entreprises. Responsabilit\u00e9 Sociale et Environnementale. D\u00e9veloppement durable. Insertion par l&rsquo;Activit\u00e9 Economique. Entreprise d&rsquo;Insertion.<\/p>\n","protected":false},"excerpt":{"rendered":"<p>ALTERAMA propose des prestations de conseil et d\u2019accompagnement ainsi que des solutions de portage vous permettant de d\u00e9ployer une strat\u00e9gie innovante de d\u00e9veloppement des comp\u00e9tences de vos collaborateurs. D\u00c9PLOYER UN PLAN DE D\u00c9VELOPPEMENT DES COMP\u00c9TENCES Les employeurs ont l\u2019obligation de<\/p>\n","protected":false},"author":1,"featured_media":0,"parent":0,"menu_order":4,"comment_status":"closed","ping_status":"closed","template":"","meta":{"footnotes":""},"yoast_head":"<!-- This site is optimized with the Yoast SEO plugin v20.4 - https:\/\/yoast.com\/wordpress\/plugins\/seo\/ -->\n<title>ALTERAMA - D\u00e9veloppement des comp\u00e9tences - Alterama.fr<\/title>\n<meta name=\"description\" content=\"Avec ALTERAMA, d\u00e9veloppez une activit\u00e9 au projet d&#039;accompagnement social et professionnel ambitieux et s&#039;appuyant sur un mod\u00e8le \u00e9conomique solide !\" \/>\n<meta name=\"robots\" content=\"index, follow, max-snippet:-1, max-image-preview:large, max-video-preview:-1\" \/>\n<link rel=\"canonical\" href=\"https:\/\/www.alterama.fr\/index.php\/developpement-des-competences\/\" \/>\n<meta property=\"og:locale\" content=\"fr_FR\" \/>\n<meta property=\"og:type\" content=\"article\" \/>\n<meta property=\"og:title\" content=\"ALTERAMA - D\u00e9veloppement des comp\u00e9tences - Alterama.fr\" \/>\n<meta property=\"og:description\" content=\"Avec ALTERAMA, d\u00e9veloppez une activit\u00e9 au projet d&#039;accompagnement social et professionnel ambitieux et s&#039;appuyant sur un mod\u00e8le \u00e9conomique solide !\" \/>\n<meta property=\"og:url\" content=\"https:\/\/www.alterama.fr\/index.php\/developpement-des-competences\/\" \/>\n<meta property=\"og:site_name\" content=\"Alterama.fr\" \/>\n<meta property=\"article:publisher\" content=\"https:\/\/www.facebook.com\/alteramaconseil\" \/>\n<meta property=\"article:modified_time\" content=\"2024-06-13T09:01:05+00:00\" \/>\n<meta property=\"og:image\" content=\"https:\/\/www.alterama.fr\/wp-content\/uploads\/2019\/03\/ALTERAMA-7.png\" \/>\n<meta name=\"twitter:card\" content=\"summary_large_image\" \/>\n<meta name=\"twitter:label1\" content=\"Dur\u00e9e de lecture estim\u00e9e\" \/>\n\t<meta name=\"twitter:data1\" content=\"1 minute\" \/>\n<script type=\"application\/ld+json\" class=\"yoast-schema-graph\">{\"@context\":\"https:\/\/schema.org\",\"@graph\":[{\"@type\":\"WebPage\",\"@id\":\"https:\/\/www.alterama.fr\/index.php\/developpement-des-competences\/\",\"url\":\"https:\/\/www.alterama.fr\/index.php\/developpement-des-competences\/\",\"name\":\"ALTERAMA - D\u00e9veloppement des comp\u00e9tences - Alterama.fr\",\"isPartOf\":{\"@id\":\"https:\/\/www.alterama.fr\/#website\"},\"datePublished\":\"2019-02-21T10:54:20+00:00\",\"dateModified\":\"2024-06-13T09:01:05+00:00\",\"description\":\"Avec ALTERAMA, d\u00e9veloppez une activit\u00e9 au projet d'accompagnement social et professionnel ambitieux et s'appuyant sur un mod\u00e8le \u00e9conomique solide !\",\"breadcrumb\":{\"@id\":\"https:\/\/www.alterama.fr\/index.php\/developpement-des-competences\/#breadcrumb\"},\"inLanguage\":\"fr-FR\",\"potentialAction\":[{\"@type\":\"ReadAction\",\"target\":[\"https:\/\/www.alterama.fr\/index.php\/developpement-des-competences\/\"]}]},{\"@type\":\"BreadcrumbList\",\"@id\":\"https:\/\/www.alterama.fr\/index.php\/developpement-des-competences\/#breadcrumb\",\"itemListElement\":[{\"@type\":\"ListItem\",\"position\":1,\"name\":\"Accueil\",\"item\":\"https:\/\/www.alterama.fr\/\"},{\"@type\":\"ListItem\",\"position\":2,\"name\":\"D\u00e9veloppement des comp\u00e9tences\"}]},{\"@type\":\"WebSite\",\"@id\":\"https:\/\/www.alterama.fr\/#website\",\"url\":\"https:\/\/www.alterama.fr\/\",\"name\":\"Alterama\",\"description\":\"\",\"publisher\":{\"@id\":\"https:\/\/www.alterama.fr\/#organization\"},\"potentialAction\":[{\"@type\":\"SearchAction\",\"target\":{\"@type\":\"EntryPoint\",\"urlTemplate\":\"https:\/\/www.alterama.fr\/?s={search_term_string}\"},\"query-input\":\"required name=search_term_string\"}],\"inLanguage\":\"fr-FR\"},{\"@type\":\"Organization\",\"@id\":\"https:\/\/www.alterama.fr\/#organization\",\"name\":\"ALTERAMA\",\"url\":\"https:\/\/www.alterama.fr\/\",\"logo\":{\"@type\":\"ImageObject\",\"inLanguage\":\"fr-FR\",\"@id\":\"https:\/\/www.alterama.fr\/#\/schema\/logo\/image\/\",\"url\":\"https:\/\/www.alterama.fr\/wp-content\/uploads\/2019\/02\/Capture-d\u2019e\u0301cran-2019-02-20-a\u0300-15.51.09.png\",\"contentUrl\":\"https:\/\/www.alterama.fr\/wp-content\/uploads\/2019\/02\/Capture-d\u2019e\u0301cran-2019-02-20-a\u0300-15.51.09.png\",\"width\":2990,\"height\":454,\"caption\":\"ALTERAMA\"},\"image\":{\"@id\":\"https:\/\/www.alterama.fr\/#\/schema\/logo\/image\/\"},\"sameAs\":[\"https:\/\/www.facebook.com\/alteramaconseil\",\"https:\/\/www.linkedin.com\/company\/alterama\"]}]}<\/script>\n<!-- \/ Yoast SEO plugin. -->","yoast_head_json":{"title":"ALTERAMA - D\u00e9veloppement des comp\u00e9tences - Alterama.fr","description":"Avec ALTERAMA, d\u00e9veloppez une activit\u00e9 au projet d'accompagnement social et professionnel ambitieux et s'appuyant sur un mod\u00e8le \u00e9conomique solide !","robots":{"index":"index","follow":"follow","max-snippet":"max-snippet:-1","max-image-preview":"max-image-preview:large","max-video-preview":"max-video-preview:-1"},"canonical":"https:\/\/www.alterama.fr\/index.php\/developpement-des-competences\/","og_locale":"fr_FR","og_type":"article","og_title":"ALTERAMA - D\u00e9veloppement des comp\u00e9tences - Alterama.fr","og_description":"Avec ALTERAMA, d\u00e9veloppez une activit\u00e9 au projet d'accompagnement social et professionnel ambitieux et s'appuyant sur un mod\u00e8le \u00e9conomique solide !","og_url":"https:\/\/www.alterama.fr\/index.php\/developpement-des-competences\/","og_site_name":"Alterama.fr","article_publisher":"https:\/\/www.facebook.com\/alteramaconseil","article_modified_time":"2024-06-13T09:01:05+00:00","og_image":[{"url":"https:\/\/www.alterama.fr\/wp-content\/uploads\/2019\/03\/ALTERAMA-7.png"}],"twitter_card":"summary_large_image","twitter_misc":{"Dur\u00e9e de lecture estim\u00e9e":"1 minute"},"schema":{"@context":"https:\/\/schema.org","@graph":[{"@type":"WebPage","@id":"https:\/\/www.alterama.fr\/index.php\/developpement-des-competences\/","url":"https:\/\/www.alterama.fr\/index.php\/developpement-des-competences\/","name":"ALTERAMA - D\u00e9veloppement des comp\u00e9tences - Alterama.fr","isPartOf":{"@id":"https:\/\/www.alterama.fr\/#website"},"datePublished":"2019-02-21T10:54:20+00:00","dateModified":"2024-06-13T09:01:05+00:00","description":"Avec ALTERAMA, d\u00e9veloppez une activit\u00e9 au projet d'accompagnement social et professionnel ambitieux et s'appuyant sur un mod\u00e8le \u00e9conomique solide !","breadcrumb":{"@id":"https:\/\/www.alterama.fr\/index.php\/developpement-des-competences\/#breadcrumb"},"inLanguage":"fr-FR","potentialAction":[{"@type":"ReadAction","target":["https:\/\/www.alterama.fr\/index.php\/developpement-des-competences\/"]}]},{"@type":"BreadcrumbList","@id":"https:\/\/www.alterama.fr\/index.php\/developpement-des-competences\/#breadcrumb","itemListElement":[{"@type":"ListItem","position":1,"name":"Accueil","item":"https:\/\/www.alterama.fr\/"},{"@type":"ListItem","position":2,"name":"D\u00e9veloppement des comp\u00e9tences"}]},{"@type":"WebSite","@id":"https:\/\/www.alterama.fr\/#website","url":"https:\/\/www.alterama.fr\/","name":"Alterama","description":"","publisher":{"@id":"https:\/\/www.alterama.fr\/#organization"},"potentialAction":[{"@type":"SearchAction","target":{"@type":"EntryPoint","urlTemplate":"https:\/\/www.alterama.fr\/?s={search_term_string}"},"query-input":"required name=search_term_string"}],"inLanguage":"fr-FR"},{"@type":"Organization","@id":"https:\/\/www.alterama.fr\/#organization","name":"ALTERAMA","url":"https:\/\/www.alterama.fr\/","logo":{"@type":"ImageObject","inLanguage":"fr-FR","@id":"https:\/\/www.alterama.fr\/#\/schema\/logo\/image\/","url":"https:\/\/www.alterama.fr\/wp-content\/uploads\/2019\/02\/Capture-d\u2019e\u0301cran-2019-02-20-a\u0300-15.51.09.png","contentUrl":"https:\/\/www.alterama.fr\/wp-content\/uploads\/2019\/02\/Capture-d\u2019e\u0301cran-2019-02-20-a\u0300-15.51.09.png","width":2990,"height":454,"caption":"ALTERAMA"},"image":{"@id":"https:\/\/www.alterama.fr\/#\/schema\/logo\/image\/"},"sameAs":["https:\/\/www.facebook.com\/alteramaconseil","https:\/\/www.linkedin.com\/company\/alterama"]}]}},"_links":{"self":[{"href":"https:\/\/www.alterama.fr\/index.php\/wp-json\/wp\/v2\/pages\/221"}],"collection":[{"href":"https:\/\/www.alterama.fr\/index.php\/wp-json\/wp\/v2\/pages"}],"about":[{"href":"https:\/\/www.alterama.fr\/index.php\/wp-json\/wp\/v2\/types\/page"}],"author":[{"embeddable":true,"href":"https:\/\/www.alterama.fr\/index.php\/wp-json\/wp\/v2\/users\/1"}],"replies":[{"embeddable":true,"href":"https:\/\/www.alterama.fr\/index.php\/wp-json\/wp\/v2\/comments?post=221"}],"version-history":[{"count":61,"href":"https:\/\/www.alterama.fr\/index.php\/wp-json\/wp\/v2\/pages\/221\/revisions"}],"predecessor-version":[{"id":1446,"href":"https:\/\/www.alterama.fr\/index.php\/wp-json\/wp\/v2\/pages\/221\/revisions\/1446"}],"wp:attachment":[{"href":"https:\/\/www.alterama.fr\/index.php\/wp-json\/wp\/v2\/media?parent=221"}],"curies":[{"name":"wp","href":"https:\/\/api.w.org\/{rel}","templated":true}]}}