{"id":120,"date":"2019-02-20T15:31:21","date_gmt":"2019-02-20T14:31:21","guid":{"rendered":"http:\/\/alterama.fr\/?page_id=120"},"modified":"2026-03-18T11:40:57","modified_gmt":"2026-03-18T10:40:57","slug":"offre-de-formation","status":"publish","type":"page","link":"https:\/\/www.alterama.fr\/index.php\/offre-de-formation\/","title":{"rendered":"Nos Formations"},"content":{"rendered":"\n<div class=\"wp-block-cover\"><span aria-hidden=\"true\" class=\"wp-block-cover__background has-background-dim\" style=\"background-color:#192d5a\"><\/span><img loading=\"lazy\" decoding=\"async\" width=\"2780\" height=\"984\" class=\"wp-block-cover__image-background wp-image-861\" alt=\"\" src=\"https:\/\/www.alterama.fr\/wp-content\/uploads\/2020\/11\/Capture-de\u0301cran-2020-11-23-a\u0300-10.45.22.png\" data-object-fit=\"cover\" srcset=\"https:\/\/www.alterama.fr\/wp-content\/uploads\/2020\/11\/Capture-de\u0301cran-2020-11-23-a\u0300-10.45.22.png 2780w, https:\/\/www.alterama.fr\/wp-content\/uploads\/2020\/11\/Capture-de\u0301cran-2020-11-23-a\u0300-10.45.22-300x106.png 300w, https:\/\/www.alterama.fr\/wp-content\/uploads\/2020\/11\/Capture-de\u0301cran-2020-11-23-a\u0300-10.45.22-1024x362.png 1024w, https:\/\/www.alterama.fr\/wp-content\/uploads\/2020\/11\/Capture-de\u0301cran-2020-11-23-a\u0300-10.45.22-768x272.png 768w, https:\/\/www.alterama.fr\/wp-content\/uploads\/2020\/11\/Capture-de\u0301cran-2020-11-23-a\u0300-10.45.22-1536x544.png 1536w, https:\/\/www.alterama.fr\/wp-content\/uploads\/2020\/11\/Capture-de\u0301cran-2020-11-23-a\u0300-10.45.22-2048x725.png 2048w\" sizes=\"(max-width: 2780px) 100vw, 2780px\" \/><div class=\"wp-block-cover__inner-container is-layout-flow wp-block-cover-is-layout-flow\">\n<p class=\"has-text-align-center has-large-font-size\"><\/p>\n<\/div><\/div>\n\n\n\n<hr class=\"wp-block-separator has-alpha-channel-opacity is-style-wide\"\/>\n\n\n\n<p class=\"has-text-color has-link-color wp-elements-7c97f94484be42213e4aedfb00495f88\" style=\"color:#192d5a;font-size:18px\"><strong>ALTERAMA FORMATION est un organisme de formation certifi\u00e9 QUALIOPI* ayant pour objectif de valoriser les m\u00e9tiers en tension et de permettre aux salari\u00e9s ainsi qu&rsquo;aux demandeurs d&#8217;emploi de d\u00e9velopper des comp\u00e9tences favorisant leur r\u00e9ussite professionnelle. <\/strong><\/p>\n\n\n\n<p class=\"has-small-font-size\"><em>* La certification qualit\u00e9 a \u00e9t\u00e9 d\u00e9livr\u00e9e au titre de la cat\u00e9gorie d\u2019action suivante : Actions de formation <a href=\"https:\/\/www.alterama.fr\/wp-content\/uploads\/2024\/10\/Certificat-QUALIOPI-ALTERAMA-FORMATION-2024-2027.pdf\">(Voir le <\/a><a href=\"https:\/\/www.alterama.fr\/wp-content\/uploads\/2024\/10\/Certificat-QUALIOPI-ALTERAMA-FORMATION-2024-2027.pdf\" target=\"_blank\" rel=\"noreferrer noopener\">certificat<\/a><a href=\"https:\/\/www.alterama.fr\/wp-content\/uploads\/2024\/10\/Certificat-QUALIOPI-ALTERAMA-FORMATION-2024-2027.pdf\">)<\/a><\/em><\/p>\n\n\n<hr size=\"4\" width=\"100%\" \/>\n\n\n<p class=\"has-text-align-center has-text-color has-link-color wp-elements-bd93c10fa6fbab3ccee0826f5f1678a5\" style=\"color:#00a59b;font-size:24px\"><strong>NOS FORMATIONS AUX M\u00c9TIERS DE LA PROPRET\u00c9<\/strong><\/p>\n\n\n\n<hr class=\"wp-block-separator has-alpha-channel-opacity is-style-wide\"\/>\n\n\n\n<p class=\"has-text-color has-link-color wp-elements-5fecf815fc0f42c59988e96ff4287835\" style=\"color:#6ec896;font-size:18px\"><strong>Modules \u00ab\u00a0Techniques de nettoyage \u00ab\u00a0<\/strong><\/p>\n\n\n\n<ul>\n<li style=\"font-size:16px\">A1 &#8211; <strong>Le nettoyage manuel des locaux &#8211; Niveau 1<\/strong> &#8211; 7 h <a href=\"https:\/\/www.alterama.fr\/wp-content\/uploads\/2024\/09\/A1-Les-techniques-de-nettoyage-manuel-niveau-1-Brochure-ALTERAMA-FORMATION.pdf\" target=\"_blank\" rel=\"noreferrer noopener\">(BROCHURE D\u00c9TAILL\u00c9E)<\/a><\/li>\n\n\n\n<li style=\"font-size:16px\">A2 &#8211; <strong>Le nettoyage manuel des locaux &#8211; Niveau 2<\/strong> &#8211; 7 h <a href=\"https:\/\/www.alterama.fr\/wp-content\/uploads\/2024\/09\/A2-Les-techniques-de-nettoyage-manuel-niveau-2-Brochure-ALTERAMA-FORMATION.pdf\" target=\"_blank\" rel=\"noreferrer noopener\">(BROCHURE D\u00c9TAILL\u00c9E)<\/a><\/li>\n\n\n\n<li style=\"font-size:16px\">A3 &#8211; <strong>Le nettoyage manuel des locaux &#8211; <\/strong> 14 h <a href=\"https:\/\/www.alterama.fr\/wp-content\/uploads\/2024\/09\/A3-Le-nettoyage-manuel-Brochure-ALTERAMA-FORMATION.pdf\" target=\"_blank\" rel=\"noreferrer noopener\">(BROCHURE D\u00c9TAILL\u00c9E)<\/a><\/li>\n\n\n\n<li style=\"font-size:16px\">A4 &#8211; <strong>Le nettoyage m\u00e9canis\u00e9 des locaux<\/strong> &#8211; 14 h <a href=\"https:\/\/www.alterama.fr\/wp-content\/uploads\/2024\/10\/A4-Le-nettoyage-mecanise-des-locaux-Brochure-ALTERAMA-FORMATION.pdf\" target=\"_blank\" rel=\"noreferrer noopener\">(BROCHURE D\u00c9TAILL\u00c9E)<\/a><\/li>\n\n\n\n<li style=\"font-size:16px\">A5 &#8211; <strong>Le nettoyage m\u00e9canis\u00e9 des locaux<\/strong> (Perfectionnement) &#8211; 7 h <a href=\"https:\/\/www.alterama.fr\/wp-content\/uploads\/2024\/10\/A5-Le-nettoyage-mecanise-des-locaux-Perfectionnement-Brochure-ALTERAMA-FORMATION.pdf\" target=\"_blank\" rel=\"noreferrer noopener\">(BROCHURE D\u00c9TAILL\u00c9E)<\/a><\/li>\n\n\n\n<li style=\"font-size:16px\">A6 &#8211; <strong>Le nettoyage des vitres et des menuiseries<\/strong> &#8211; 3,5 h <a href=\"https:\/\/www.alterama.fr\/wp-content\/uploads\/2025\/11\/A6-Le-nettoyage-des-vitres-et-des-mesuiseries-Brochure-ALTERAMA-FORMATION.pdf\" target=\"_blank\" rel=\"noreferrer noopener\">(BROCHURE D\u00c9TAILL\u00c9E)<\/a><\/li>\n\n\n\n<li style=\"font-size:16px\">A7 &#8211; <strong>Le nettoyage en h\u00f4tellerie<\/strong> &#8211; 14 h (<a href=\"https:\/\/www.alterama.fr\/wp-content\/uploads\/2025\/05\/A7-Le-nettoyage-en-hotellerie-Brochure-ALTERAMA-FORMATION.pdf\" target=\"_blank\" rel=\"noreferrer noopener\">BROCHURE D\u00c9TAILL\u00c9E<\/a>)<\/li>\n\n\n\n<li style=\"font-size:16px\">A8 &#8211; <strong>Les sp\u00e9cificit\u00e9s du nettoyage en \u00c9tablissement d&rsquo;Accueil du Jeune Enfant<\/strong> &#8211; 7 h <a href=\"https:\/\/www.alterama.fr\/wp-content\/uploads\/2024\/10\/A8-Les-specificites-du-nettoyage-en-Etablissement-dAccueil-du-Jeune-Enfant-Brochure-ALTERAMA-FORMATION.pdf\" target=\"_blank\" rel=\"noreferrer noopener\">(BROCHURE D\u00c9TAILL\u00c9E)<\/a><\/li>\n\n\n\n<li style=\"font-size:16px\">A9 &#8211; <strong>Le bionettoyage des locaux<\/strong> &#8211; 14 h <a href=\"https:\/\/www.alterama.fr\/wp-content\/uploads\/2024\/09\/A9-Le-bionettoyage-des-locaux-Brochure-ALTERAMA-FORMATION.pdf\" target=\"_blank\" rel=\"noreferrer noopener\">(BROCHURE D\u00c9TAILL\u00c9E)<\/a><\/li>\n<\/ul>\n\n\n\n<p class=\"has-text-color has-link-color wp-elements-e67ec3d16086c3c7faa8a65e1e5b8c06\" style=\"color:#6ec896;font-size:18px\"><strong>Modules \u00ab\u00a0Sant\u00e9, s\u00e9curit\u00e9 &amp; environnement\u00a0\u00bb<\/strong><\/p>\n\n\n\n<ul style=\"font-size:16px\">\n<li><strong>S1 &#8211; Introduction \u00e0 la s\u00e9curit\u00e9 dans la propret\u00e9<\/strong> &#8211; 7 h <a href=\"https:\/\/www.alterama.fr\/wp-content\/uploads\/2024\/09\/S1-Introduction-a-la-securite-dans-la-proprete-Brochure-ALTERAMA-FORMATION.pdf\" target=\"_blank\" rel=\"noreferrer noopener\">(BROCHURE D\u00c9TAILL\u00c9E)<\/a><\/li>\n\n\n\n<li>S2 &#8211; <strong>La pr\u00e9vention des troubles musculosquelettiques dans la propret\u00e9<\/strong> &#8211; 7 h <a href=\"https:\/\/www.alterama.fr\/wp-content\/uploads\/2024\/09\/S2-La-prevention-des-Troubles-Musculo-squellettiques-dans-la-proprete-Brochure-ALTERAMA-FORMATION.pdf\" target=\"_blank\" rel=\"noreferrer noopener\">(BROCHURE D\u00c9TAILL\u00c9E)<\/a><\/li>\n\n\n\n<li>S3 &#8211; Sant\u00e9, s\u00e9curit\u00e9 et environnement dans la propret\u00e9 &#8211; 14h <a href=\"https:\/\/www.alterama.fr\/wp-content\/uploads\/2024\/09\/S3-Sante-et-securite-dans-la-proprete-Brochure-ALTERAMA-FORMATION.pdf\" target=\"_blank\" rel=\"noreferrer noopener\">(BROCHURE D\u00c9TAILL\u00c9E)<\/a><\/li>\n<\/ul>\n\n\n\n<p class=\"has-text-color has-link-color wp-elements-d52273b8b47c65afd577dce0cbdb91d5\" style=\"color:#6ec896;font-size:18px\"><strong>Modules \u00ab\u00a0Encadrement\u00a0\u00bb<\/strong><\/p>\n\n\n\n<ul style=\"font-size:14px\">\n<li style=\"font-size:16px\">E1 &#8211; <strong>Organiser l&rsquo;entretien courant d&rsquo;un \u00c9tablissement Recevant du Public<\/strong> &#8211; 7 h (<a href=\"https:\/\/www.alterama.fr\/wp-content\/uploads\/2024\/11\/E1-Organiser-lentretien-courant-dun-Etablissement-Recevant-du-Public-Brochure-ALTERAMA-FORMATION.pdf\">BROCHURE D\u00c9TAILL\u00c9E<\/a>)<\/li>\n\n\n\n<li style=\"font-size:16px\">E2 &#8211; <strong>Animer une \u00e9quipe d&rsquo;agents d&rsquo;entretien<\/strong> &#8211; 7 h <a href=\"https:\/\/www.alterama.fr\/wp-content\/uploads\/2024\/09\/E2-Animer-une-equipe-dagents-dentretien-Brochure-ALTERAMA-FORMATION.pdf\">(BROCHURE D\u00c9TAILL\u00c9E)<\/a><\/li>\n\n\n\n<li style=\"font-size:16px\">E3 &#8211; <strong>Encadrer des Femmes \/ Valets de chambre<\/strong> &#8211; 14 h (<a href=\"https:\/\/www.alterama.fr\/wp-content\/uploads\/2025\/11\/E3-Encadrer-des-femmes-valets-de-chambre-Brochure-ALTERAMA-FORMATION.pdf\">BROCHURE D\u00c9TAILL\u00c9E<\/a>)<\/li>\n<\/ul>\n\n\n\n<p class=\"has-text-color has-link-color wp-elements-d9a838c9b31946022e073b22f3c900fb\" style=\"color:#6ec896;font-size:18px\"><strong>Modules \u00ab\u00a0Parcours m\u00e9tier\u00a0\u00bb<\/strong><\/p>\n\n\n\n<ul>\n<li style=\"font-size:16px\"><strong>PM1 &#8211; Agent d&rsquo;entretien en \u00c9tablissement Recevant du Public (ERP)<\/strong> &#8211; 21 h (<a href=\"https:\/\/www.alterama.fr\/wp-content\/uploads\/2025\/04\/Agent-dentretien-en-ERP.pdf\">BROCHURE D\u00c9TAILL\u00c9E<\/a><a href=\"https:\/\/www.alterama.fr\/wp-content\/uploads\/2024\/09\/PM1-Agent-dentretien-en-Etablissement-Recevant-du-Public-Brochure-ALTERAMA-FORMATION.pdf\">)<\/a><\/li>\n\n\n\n<li style=\"font-size:16px\"><strong>PM2 &#8211; Agent d&rsquo;entretien en <strong>\u00c9tablissement d&rsquo;Accueil du Jeune Enfant (EAJE)<\/strong><\/strong> &#8211; 21 h <a href=\"https:\/\/www.alterama.fr\/wp-content\/uploads\/2024\/09\/PM2-Agent-dentretien-en-Etablissement-dAccueil-du-Jeune-Enfant-Brochure-ALTERAMA-FORMATION.pdf\">(BROCHURE D\u00c9TAILL\u00c9E)<\/a><\/li>\n\n\n\n<li style=\"font-size:16px\"><strong>PM3 &#8211; Agent d&rsquo;entretien en entreprise de propret\u00e9<\/strong> &#8211; 210 h <a href=\"https:\/\/www.alterama.fr\/wp-content\/uploads\/2024\/09\/PM3-Agent-dentretien-en-entreprise-de-proprete-Brochure-ALTERAMA-FORMATION-2024.pdf\">(BROCHURE D\u00c9TAILL\u00c9E)<\/a><\/li>\n\n\n\n<li style=\"font-size:16px\"><strong>PM4 &#8211; Responsable de sites dans la propret\u00e9<\/strong> &#8211; 28 h <a href=\"https:\/\/www.alterama.fr\/wp-content\/uploads\/2024\/09\/PM4-Responsable-de-sites-dans-la-proprete-Brochure-ALTERAMA-FORMATION.pdf\">(BROCHURE D\u00c9TAILL\u00c9E)<\/a><\/li>\n\n\n\n<li style=\"font-size:16px\"><strong>PM5 &#8211; Agent d&rsquo;Entretien Polyvalent<\/strong> &#8211; 189 h (<a href=\"https:\/\/www.alterama.fr\/wp-content\/uploads\/2025\/11\/PM5-Agent-de-proprete-polyvalent-Brochure-ALTERAMA-FORMATION.pdf\">BROCHURE D\u00c9TAILL\u00c9E<\/a>)<\/li>\n\n\n\n<li style=\"font-size:16px\"><strong>PM6 &#8211; Chef d&rsquo;\u00e9quipes dans la propret\u00e9 dans la propret\u00e9<\/strong> &#8211; 35 h (<a href=\"https:\/\/www.alterama.fr\/wp-content\/uploads\/2025\/11\/PM6-Chef-dequipes-dans-la-proprete-Brochure-ALTERAMA-FORMATION-1.pdf\">BROCHURE D\u00c9TAILL\u00c9E<\/a>)<\/li>\n<\/ul>\n\n\n\n<p class=\"has-text-color has-link-color wp-elements-2879cbf244efcaa6487b92191cd38b15\" style=\"color:#6ec896\">T\u00e9l\u00e9chargez notre <mark style=\"background-color:#eff1f3\" class=\"has-inline-color\"><a href=\"https:\/\/www.alterama.fr\/wp-content\/uploads\/2026\/03\/Catalogue-de-formation-Metiers-de-la-Proprete-ALTERAMA-FORMATION-2026.pdf\">CATALOGUE DE FORMATION AUX M\u00c9TIERS DU NETTOYAGE<\/a><\/mark><strong><mark style=\"background-color:rgba(0, 0, 0, 0)\" class=\"has-inline-color has-vivid-green-cyan-color\"><\/mark><\/strong><\/p>\n\n\n\n<hr class=\"wp-block-separator has-alpha-channel-opacity is-style-wide\"\/>\n\n\n\n<p class=\"has-text-align-center has-text-color has-link-color wp-elements-9315e854a512bba1ed95237320e2928f\" style=\"color:#00a59b;font-size:24px\"><strong>NOS FORMATIONS \u00c0 LA GESTION DES D\u00c9CHETS<\/strong><\/p>\n\n\n\n<hr class=\"wp-block-separator has-alpha-channel-opacity is-style-wide\"\/>\n\n\n\n<ul>\n<li style=\"font-size:16px\"><strong>La gestion des biod\u00e9chets en cr\u00e8ches<\/strong> &#8211; 10,5 h <a href=\"https:\/\/www.alterama.fr\/wp-content\/uploads\/2024\/09\/Brochure-Gestion-des-biodechets-en-creches-ALTERAMA-FORMATION-2024.pdf\">(BROCHURE D\u00c9TAILL\u00c9E)<\/a><\/li>\n\n\n\n<li style=\"font-size:16px\"><strong>La gestion des biod\u00e9chets<\/strong> par compostage thermom\u00e9canique &#8211; 10,5 h <a href=\"https:\/\/www.alterama.fr\/wp-content\/uploads\/2024\/09\/Brochure-Gestion-des-biodechets-par-compostage-thermomecanique-ALTERAMA-FORMATION.pdf\">(BROCHURE D\u00c9TAILL\u00c9E)<\/a><\/li>\n\n\n\n<li style=\"font-size:16px\"><strong>La gestion du compost issu du traitement des biod\u00e9chets<\/strong> &#8211; 3,5 h <a href=\"https:\/\/www.alterama.fr\/wp-content\/uploads\/2024\/09\/Brochure-Gestion-du-compost-ALTERAMA-FORMATION.pdf\">(BROCHURE D\u00c9TAILL\u00c9E)<\/a><\/li>\n<\/ul>\n\n\n\n<hr class=\"wp-block-separator has-alpha-channel-opacity is-style-wide\"\/>\n\n\n\n<p class=\"has-text-align-center has-text-color has-link-color wp-elements-b445fa330c0df0ae1cabaf41a385bbf4\" style=\"color:#00a59b;font-size:24px\"><strong>NOS AUTRES FORMATIONS<\/strong><\/p>\n\n\n\n<hr class=\"wp-block-separator has-alpha-channel-opacity is-style-wide\"\/>\n\n\n\n<ul>\n<li style=\"font-size:16px\"><strong>Les r\u00e9seaux sociaux pour les restaurateurs et les commer\u00e7ants et artisans des m\u00e9tiers de bouche<\/strong> &#8211; 7 h <a href=\"https:\/\/www.alterama.fr\/wp-content\/uploads\/2024\/09\/Brochure-Reseaux-sociaux.pdf\">(BROCHURE D\u00c9TAILL\u00c9E)<\/a><\/li>\n\n\n\n<li style=\"font-size:16px\"><strong>Concevoir et commercialiser une action de formation<\/strong> &#8211; 28 h <a href=\"https:\/\/www.alterama.fr\/wp-content\/uploads\/2024\/09\/Brochure-Concevoir-et-commercialiser-une-action-de-formation-ALTERAMA-FORMATION.pdf\">(BROCHURE D\u00c9TAILL\u00c9E)<\/a><\/li>\n\n\n\n<li style=\"font-size:16px\"><strong>Concevoir et mettre en place une campagne de lev\u00e9e de dons <\/strong>&#8211; 21h<a href=\"https:\/\/www.alterama.fr\/wp-content\/uploads\/2024\/01\/Brochure-Concevoir-et-mettre-en-oeuvre-une-campagne-de-levee-de-dons-IMPULSO-2024.pdf\"> <\/a><a href=\"https:\/\/www.alterama.fr\/wp-content\/uploads\/2024\/09\/Brochure-Concevoir-et-mettre-en-place-des-campagnes-de-levee-de-dons-IMPULSO-2023.pdf\">(BROCHURE D\u00c9TAILL\u00c9E)<\/a><\/li>\n\n\n\n<li style=\"font-size:16px\"><strong>Introduction aux achats responsables <\/strong>&#8211; 3,5h<a href=\"https:\/\/www.alterama.fr\/wp-content\/uploads\/2024\/01\/Brochure-Concevoir-et-mettre-en-oeuvre-une-campagne-de-levee-de-dons-IMPULSO-2024.pdf\"> <\/a>(<a href=\"https:\/\/www.alterama.fr\/wp-content\/uploads\/2025\/11\/DD1-Introduction-aux-achats-responsables-Brochure-ALTERAMA-FORMATION.pdf\">BROCHURE D\u00c9TAILL\u00c9E<\/a><a href=\"https:\/\/www.alterama.fr\/wp-content\/uploads\/2024\/09\/Brochure-Concevoir-et-mettre-en-place-des-campagnes-de-levee-de-dons-IMPULSO-2023.pdf\">)<\/a><\/li>\n\n\n\n<li style=\"font-size:16px\"><strong>\u00c9thique des affaires <\/strong>&#8211; 3,5h<a href=\"https:\/\/www.alterama.fr\/wp-content\/uploads\/2024\/01\/Brochure-Concevoir-et-mettre-en-oeuvre-une-campagne-de-levee-de-dons-IMPULSO-2024.pdf\"> <\/a><a href=\"https:\/\/www.alterama.fr\/wp-content\/uploads\/2024\/09\/Brochure-Concevoir-et-mettre-en-place-des-campagnes-de-levee-de-dons-IMPULSO-2023.pdf\">(<\/a><a href=\"https:\/\/www.alterama.fr\/wp-content\/uploads\/2025\/12\/DD2-Ethique-des-affaires-Brochure-ALTERAMA-FORMATION.pdf\">BROCHURE D\u00c9TAILL\u00c9E<\/a><a href=\"https:\/\/www.alterama.fr\/wp-content\/uploads\/2024\/09\/Brochure-Concevoir-et-mettre-en-place-des-campagnes-de-levee-de-dons-IMPULSO-2023.pdf\">)<\/a><\/li>\n<\/ul>\n\n\n\n<hr class=\"wp-block-separator has-alpha-channel-opacity is-style-wide\"\/>\n\n\n\n<p class=\"has-small-font-size\">Toutes nos formations sont commercialis\u00e9es par <strong>ALTERAMA FORMATION<\/strong> &#8211; SARL au capital de 8 000 \u20ac enregistr\u00e9e sous le num\u00e9ro n\u00b0889 298 055&nbsp; au RCS de Lille M\u00e9tropole &#8211; Num\u00e9ro de d\u00e9claration d\u2019activit\u00e9 de formation (NDA) : 32 59 10343 59 ; Cet enregistrement ne vaut pas agr\u00e9ment par l\u2019\u00c9tat &#8211; Organisme certifi\u00e9 QUALIOPI <em>.<\/em> La certification QUALIOPI a \u00e9t\u00e9 d\u00e9livr\u00e9e au titre de la cat\u00e9gorie d\u2019action suivante : Actions de formation <a href=\"https:\/\/www.alterama.fr\/wp-content\/uploads\/2024\/10\/Certificat-QUALIOPI-ALTERAMA-FORMATION-2024-2027.pdf\" target=\"_blank\" rel=\"noreferrer noopener\">(Voir le certificat)<\/a><\/p>\n","protected":false},"excerpt":{"rendered":"<p>ALTERAMA FORMATION est un organisme de formation certifi\u00e9 QUALIOPI* ayant pour objectif de valoriser les m\u00e9tiers en tension et de permettre aux salari\u00e9s ainsi qu&rsquo;aux demandeurs d&#8217;emploi de d\u00e9velopper des comp\u00e9tences favorisant leur r\u00e9ussite professionnelle. * La certification qualit\u00e9 a<\/p>\n","protected":false},"author":1,"featured_media":0,"parent":0,"menu_order":5,"comment_status":"closed","ping_status":"closed","template":"","meta":{"footnotes":""},"yoast_head":"<!-- This site is optimized with the Yoast SEO plugin v20.4 - https:\/\/yoast.com\/wordpress\/plugins\/seo\/ -->\n<title>Nos Formations - Alterama.fr<\/title>\n<meta name=\"description\" content=\"ALTERAMA FORMATION propose des parcours de formation favorisant le retour ou le maintien dans l&#039;emploi de publics fragiles\" \/>\n<meta name=\"robots\" content=\"index, follow, max-snippet:-1, max-image-preview:large, max-video-preview:-1\" \/>\n<link rel=\"canonical\" href=\"https:\/\/www.alterama.fr\/index.php\/offre-de-formation\/\" \/>\n<meta property=\"og:locale\" content=\"fr_FR\" \/>\n<meta property=\"og:type\" content=\"article\" \/>\n<meta property=\"og:title\" content=\"Nos Formations - Alterama.fr\" \/>\n<meta property=\"og:description\" content=\"ALTERAMA FORMATION propose des parcours de formation favorisant le retour ou le maintien dans l&#039;emploi de publics fragiles\" \/>\n<meta property=\"og:url\" content=\"https:\/\/www.alterama.fr\/index.php\/offre-de-formation\/\" \/>\n<meta property=\"og:site_name\" content=\"Alterama.fr\" \/>\n<meta property=\"article:publisher\" content=\"https:\/\/www.facebook.com\/alteramaconseil\" \/>\n<meta property=\"article:modified_time\" content=\"2026-03-18T10:40:57+00:00\" \/>\n<meta property=\"og:image\" content=\"https:\/\/www.alterama.fr\/wp-content\/uploads\/2019\/02\/Capture-d\u2019e\u0301cran-2019-02-20-a\u0300-15.51.09.png\" \/>\n\t<meta property=\"og:image:width\" content=\"2990\" \/>\n\t<meta property=\"og:image:height\" content=\"454\" \/>\n\t<meta property=\"og:image:type\" content=\"image\/png\" \/>\n<meta name=\"twitter:card\" content=\"summary_large_image\" \/>\n<meta name=\"twitter:label1\" content=\"Dur\u00e9e de lecture estim\u00e9e\" \/>\n\t<meta name=\"twitter:data1\" content=\"3 minutes\" \/>\n<script type=\"application\/ld+json\" class=\"yoast-schema-graph\">{\"@context\":\"https:\/\/schema.org\",\"@graph\":[{\"@type\":\"WebPage\",\"@id\":\"https:\/\/www.alterama.fr\/index.php\/offre-de-formation\/\",\"url\":\"https:\/\/www.alterama.fr\/index.php\/offre-de-formation\/\",\"name\":\"Nos Formations - Alterama.fr\",\"isPartOf\":{\"@id\":\"https:\/\/www.alterama.fr\/#website\"},\"datePublished\":\"2019-02-20T14:31:21+00:00\",\"dateModified\":\"2026-03-18T10:40:57+00:00\",\"description\":\"ALTERAMA FORMATION propose des parcours de formation favorisant le retour ou le maintien dans l'emploi de publics fragiles\",\"breadcrumb\":{\"@id\":\"https:\/\/www.alterama.fr\/index.php\/offre-de-formation\/#breadcrumb\"},\"inLanguage\":\"fr-FR\",\"potentialAction\":[{\"@type\":\"ReadAction\",\"target\":[\"https:\/\/www.alterama.fr\/index.php\/offre-de-formation\/\"]}]},{\"@type\":\"BreadcrumbList\",\"@id\":\"https:\/\/www.alterama.fr\/index.php\/offre-de-formation\/#breadcrumb\",\"itemListElement\":[{\"@type\":\"ListItem\",\"position\":1,\"name\":\"Accueil\",\"item\":\"https:\/\/www.alterama.fr\/\"},{\"@type\":\"ListItem\",\"position\":2,\"name\":\"Nos Formations\"}]},{\"@type\":\"WebSite\",\"@id\":\"https:\/\/www.alterama.fr\/#website\",\"url\":\"https:\/\/www.alterama.fr\/\",\"name\":\"Alterama\",\"description\":\"\",\"publisher\":{\"@id\":\"https:\/\/www.alterama.fr\/#organization\"},\"potentialAction\":[{\"@type\":\"SearchAction\",\"target\":{\"@type\":\"EntryPoint\",\"urlTemplate\":\"https:\/\/www.alterama.fr\/?s={search_term_string}\"},\"query-input\":\"required name=search_term_string\"}],\"inLanguage\":\"fr-FR\"},{\"@type\":\"Organization\",\"@id\":\"https:\/\/www.alterama.fr\/#organization\",\"name\":\"ALTERAMA\",\"url\":\"https:\/\/www.alterama.fr\/\",\"logo\":{\"@type\":\"ImageObject\",\"inLanguage\":\"fr-FR\",\"@id\":\"https:\/\/www.alterama.fr\/#\/schema\/logo\/image\/\",\"url\":\"https:\/\/www.alterama.fr\/wp-content\/uploads\/2019\/02\/Capture-d\u2019e\u0301cran-2019-02-20-a\u0300-15.51.09.png\",\"contentUrl\":\"https:\/\/www.alterama.fr\/wp-content\/uploads\/2019\/02\/Capture-d\u2019e\u0301cran-2019-02-20-a\u0300-15.51.09.png\",\"width\":2990,\"height\":454,\"caption\":\"ALTERAMA\"},\"image\":{\"@id\":\"https:\/\/www.alterama.fr\/#\/schema\/logo\/image\/\"},\"sameAs\":[\"https:\/\/www.facebook.com\/alteramaconseil\",\"https:\/\/www.linkedin.com\/company\/alterama\"]}]}<\/script>\n<!-- \/ Yoast SEO plugin. -->","yoast_head_json":{"title":"Nos Formations - Alterama.fr","description":"ALTERAMA FORMATION propose des parcours de formation favorisant le retour ou le maintien dans l'emploi de publics fragiles","robots":{"index":"index","follow":"follow","max-snippet":"max-snippet:-1","max-image-preview":"max-image-preview:large","max-video-preview":"max-video-preview:-1"},"canonical":"https:\/\/www.alterama.fr\/index.php\/offre-de-formation\/","og_locale":"fr_FR","og_type":"article","og_title":"Nos Formations - Alterama.fr","og_description":"ALTERAMA FORMATION propose des parcours de formation favorisant le retour ou le maintien dans l'emploi de publics fragiles","og_url":"https:\/\/www.alterama.fr\/index.php\/offre-de-formation\/","og_site_name":"Alterama.fr","article_publisher":"https:\/\/www.facebook.com\/alteramaconseil","article_modified_time":"2026-03-18T10:40:57+00:00","og_image":[{"width":2990,"height":454,"url":"https:\/\/www.alterama.fr\/wp-content\/uploads\/2019\/02\/Capture-d\u2019e\u0301cran-2019-02-20-a\u0300-15.51.09.png","type":"image\/png"}],"twitter_card":"summary_large_image","twitter_misc":{"Dur\u00e9e de lecture estim\u00e9e":"3 minutes"},"schema":{"@context":"https:\/\/schema.org","@graph":[{"@type":"WebPage","@id":"https:\/\/www.alterama.fr\/index.php\/offre-de-formation\/","url":"https:\/\/www.alterama.fr\/index.php\/offre-de-formation\/","name":"Nos Formations - Alterama.fr","isPartOf":{"@id":"https:\/\/www.alterama.fr\/#website"},"datePublished":"2019-02-20T14:31:21+00:00","dateModified":"2026-03-18T10:40:57+00:00","description":"ALTERAMA FORMATION propose des parcours de formation favorisant le retour ou le maintien dans l'emploi de publics fragiles","breadcrumb":{"@id":"https:\/\/www.alterama.fr\/index.php\/offre-de-formation\/#breadcrumb"},"inLanguage":"fr-FR","potentialAction":[{"@type":"ReadAction","target":["https:\/\/www.alterama.fr\/index.php\/offre-de-formation\/"]}]},{"@type":"BreadcrumbList","@id":"https:\/\/www.alterama.fr\/index.php\/offre-de-formation\/#breadcrumb","itemListElement":[{"@type":"ListItem","position":1,"name":"Accueil","item":"https:\/\/www.alterama.fr\/"},{"@type":"ListItem","position":2,"name":"Nos Formations"}]},{"@type":"WebSite","@id":"https:\/\/www.alterama.fr\/#website","url":"https:\/\/www.alterama.fr\/","name":"Alterama","description":"","publisher":{"@id":"https:\/\/www.alterama.fr\/#organization"},"potentialAction":[{"@type":"SearchAction","target":{"@type":"EntryPoint","urlTemplate":"https:\/\/www.alterama.fr\/?s={search_term_string}"},"query-input":"required name=search_term_string"}],"inLanguage":"fr-FR"},{"@type":"Organization","@id":"https:\/\/www.alterama.fr\/#organization","name":"ALTERAMA","url":"https:\/\/www.alterama.fr\/","logo":{"@type":"ImageObject","inLanguage":"fr-FR","@id":"https:\/\/www.alterama.fr\/#\/schema\/logo\/image\/","url":"https:\/\/www.alterama.fr\/wp-content\/uploads\/2019\/02\/Capture-d\u2019e\u0301cran-2019-02-20-a\u0300-15.51.09.png","contentUrl":"https:\/\/www.alterama.fr\/wp-content\/uploads\/2019\/02\/Capture-d\u2019e\u0301cran-2019-02-20-a\u0300-15.51.09.png","width":2990,"height":454,"caption":"ALTERAMA"},"image":{"@id":"https:\/\/www.alterama.fr\/#\/schema\/logo\/image\/"},"sameAs":["https:\/\/www.facebook.com\/alteramaconseil","https:\/\/www.linkedin.com\/company\/alterama"]}]}},"_links":{"self":[{"href":"https:\/\/www.alterama.fr\/index.php\/wp-json\/wp\/v2\/pages\/120"}],"collection":[{"href":"https:\/\/www.alterama.fr\/index.php\/wp-json\/wp\/v2\/pages"}],"about":[{"href":"https:\/\/www.alterama.fr\/index.php\/wp-json\/wp\/v2\/types\/page"}],"author":[{"embeddable":true,"href":"https:\/\/www.alterama.fr\/index.php\/wp-json\/wp\/v2\/users\/1"}],"replies":[{"embeddable":true,"href":"https:\/\/www.alterama.fr\/index.php\/wp-json\/wp\/v2\/comments?post=120"}],"version-history":[{"count":185,"href":"https:\/\/www.alterama.fr\/index.php\/wp-json\/wp\/v2\/pages\/120\/revisions"}],"predecessor-version":[{"id":1632,"href":"https:\/\/www.alterama.fr\/index.php\/wp-json\/wp\/v2\/pages\/120\/revisions\/1632"}],"wp:attachment":[{"href":"https:\/\/www.alterama.fr\/index.php\/wp-json\/wp\/v2\/media?parent=120"}],"curies":[{"name":"wp","href":"https:\/\/api.w.org\/{rel}","templated":true}]}}