{"id":119,"date":"2019-02-20T15:31:21","date_gmt":"2019-02-20T14:31:21","guid":{"rendered":"http:\/\/alterama.fr\/?page_id=119"},"modified":"2024-06-13T11:08:30","modified_gmt":"2024-06-13T09:08:30","slug":"creation-demplois-solidaires","status":"publish","type":"page","link":"https:\/\/www.alterama.fr\/","title":{"rendered":"Qui sommes-nous ?"},"content":{"rendered":"\n<div class=\"wp-block-cover is-light\"><span aria-hidden=\"true\" class=\"wp-block-cover__background has-background-dim\" style=\"background-color:#192d5a\"><\/span><img loading=\"lazy\" decoding=\"async\" width=\"1850\" height=\"2002\" class=\"wp-block-cover__image-background wp-image-451\" alt=\"\" src=\"https:\/\/www.alterama.fr\/wp-content\/uploads\/2019\/03\/ALTERAMA-9.png\" data-object-fit=\"cover\" srcset=\"https:\/\/www.alterama.fr\/wp-content\/uploads\/2019\/03\/ALTERAMA-9.png 1850w, https:\/\/www.alterama.fr\/wp-content\/uploads\/2019\/03\/ALTERAMA-9-277x300.png 277w, https:\/\/www.alterama.fr\/wp-content\/uploads\/2019\/03\/ALTERAMA-9-768x831.png 768w, https:\/\/www.alterama.fr\/wp-content\/uploads\/2019\/03\/ALTERAMA-9-946x1024.png 946w\" sizes=\"(max-width: 1850px) 100vw, 1850px\" \/><div class=\"wp-block-cover__inner-container is-layout-flow wp-block-cover-is-layout-flow\">\n<p class=\"has-text-align-center has-text-color has-large-font-size\" style=\"color:#ffffff\"><\/p>\n<\/div><\/div>\n\n\n\n<hr class=\"wp-block-separator has-alpha-channel-opacity is-style-wide\"\/>\n\n\n\n<p class=\"has-text-align-left has-text-color has-link-color wp-elements-59e3d0ec6af30bfad82b0fafd0c5daf5\" style=\"color:#192d5a;font-size:18px\"><strong>Nous sommes convaincus que les acteurs de l\u2019Insertion par l\u2019Activit\u00e9 \u00c9conomique (IAE) et les entreprises \u00ab\u00a0conventionnelles\u00a0\u00bb doivent s\u2019inspirer mutuellement.<\/strong><\/p>\n\n\n\n<p class=\"has-text-color has-link-color wp-elements-0a149aa4dd9f68d6461ffeb198a64330\" style=\"color:#192d5a;font-size:18px\"><strong>En effet, si un projet social ambitieux est\u00a0 un \u00e9l\u00e9ment cl\u00e9 de la\u00a0 viabilit\u00e9 \u00e9conomique d\u2019une organisation, un mod\u00e8le \u00e9conomique solide est aussi la base incontournable pour la cr\u00e9ation d\u2019emplois durables<\/strong><\/p>\n\n\n\n<p class=\"has-text-align-left has-text-color has-link-color wp-elements-45196ccda818130e2ce9d5058e0b9a55\" style=\"color:#192d5a;font-size:18px\"><strong>C&rsquo;est pourquoi nous accompagnons les acteurs de l&rsquo;IAE et les entreprises dans le d\u00e9veloppement de nouvelles activit\u00e9s ainsi que dans leurs d\u00e9marches en faveur de la diversit\u00e9, du d\u00e9veloppement des comp\u00e9tences et de l&rsquo;\u00e9volution professionnelle des salari\u00e9s.<\/strong><\/p>\n\n\n\n<p class=\"has-text-align-left has-text-color has-link-color wp-elements-30fe73f504408a3237b5c84dac17c51e\" style=\"color:#192d5a;font-size:18px\"><strong>Avec ALTERAMA, placez l\u2019humain au c\u0153ur de la strat\u00e9gie de votre organisation\u00a0!<\/strong><\/p>\n\n\n<hr size=\"4\" width=\"100%\" \/>\n\n\n<p class=\"has-text-align-center has-text-color has-large-font-size\" style=\"color:#00a59b\"><strong>NOTRE EXPERTISE<\/strong><\/p>\n\n\n\n<hr class=\"wp-block-separator has-alpha-channel-opacity is-style-wide\"\/>\n\n\n\n<p class=\"has-text-color has-link-color wp-elements-c8c16f888b1fba60f5869aebe0b0c164\" style=\"color:#6ec896;font-size:18px\"><strong><a href=\"https:\/\/www.alterama.fr\/index.php\/inclusion-professionnelle\/\">Insertion par l&rsquo;Activit\u00e9 \u00c9conomique :<\/a><\/strong><\/p>\n\n\n\n<ul>\n<li style=\"font-size:16px\">D\u00e9velopper une activit\u00e9 solidaire.<\/li>\n\n\n\n<li style=\"font-size:16px\">Obtenir ou renouveler un agr\u00e9ment ESS \/ SIAE \/ STPA<\/li>\n\n\n\n<li style=\"font-size:16px\">Attirer, recruter et former des personnes \u00e9loign\u00e9es de l\u2019emploi.<\/li>\n<\/ul>\n\n\n\n<p class=\"has-text-color has-link-color wp-elements-677da9dabb4689fb55ea61c7c569da51\" style=\"color:#6ec896;font-size:18px\"><strong><a href=\"https:\/\/www.alterama.fr\/index.php\/strategie-rh\/\">Strat\u00e9gie RH &amp; politique sociale :<\/a><\/strong><\/p>\n\n\n\n<ul>\n<li style=\"font-size:16px\">Proposer une politique sociale attractive.<\/li>\n\n\n\n<li style=\"font-size:16px\">Favoriser l&#8217;emploi des travailleurs handicap\u00e9s.<\/li>\n\n\n\n<li style=\"font-size:16px\">Mettre en oeuvre une d\u00e9marche de Gestion des Emplois et des Parcours Professionnels (GEPP).<\/li>\n\n\n\n<li style=\"font-size:16px\">D\u00e9velopper vos achats solidaires.<\/li>\n<\/ul>\n\n\n\n<p class=\"has-text-color has-link-color wp-elements-73b87b2a7b5fbc5204e31df166e7dced\" style=\"color:#6ec896;font-size:18px\"><a href=\"https:\/\/www.alterama.fr\/index.php\/developpement-des-competences\/\"><strong>D\u00e9veloppement des comp\u00e9tences<\/strong> :<\/a><\/p>\n\n\n\n<ul>\n<li style=\"font-size:16px\">D\u00e9ployer un Plan de D\u00e9veloppement des Comp\u00e9tences.<\/li>\n\n\n\n<li style=\"font-size:16px\">Cr\u00e9er des modules de formation sur-mesure.<\/li>\n\n\n\n<li style=\"font-size:16px\">Professionnaliser la formation interne.<\/li>\n\n\n\n<li style=\"font-size:16px\">Portage QUALIOPI.<\/li>\n<\/ul>\n\n\n\n<p class=\"has-text-color has-link-color wp-elements-2e8a22e99bea1de30b03b9ea6decdd44\" style=\"color:#6ec896;font-size:18px\"><strong><a href=\"https:\/\/www.alterama.fr\/index.php\/offre-de-formation\/\">Offre de formation :<\/a><\/strong><\/p>\n\n\n\n<ul>\n<li style=\"font-size:16px\">Formations aux m\u00e9tiers de la propret\u00e9.<\/li>\n\n\n\n<li style=\"font-size:16px\">Formations \u00e0 la gestion des d\u00e9chets.<\/li>\n\n\n\n<li style=\"font-size:16px\">Formations en gestion des ressources humaines.<\/li>\n\n\n\n<li style=\"font-size:16px\">Les formations de nos partenaires.<\/li>\n<\/ul>\n\n\n\n<hr class=\"wp-block-separator has-alpha-channel-opacity is-style-wide\"\/>\n\n\n\n<p class=\"has-text-align-center has-text-color has-large-font-size\" style=\"color:#00a59b\"><strong>LE DIRIGEANT<\/strong><\/p>\n\n\n\n<hr class=\"wp-block-separator has-alpha-channel-opacity is-style-wide\"\/>\n\n\n\n<p style=\"font-size:16px\">Dipl\u00f4m\u00e9 de Sciences-Po, Louis BIZALION a cr\u00e9\u00e9 ALTERAMA apr\u00e8s avoir assum\u00e9 plusieurs fonctions aupr\u00e8s de structures de l&rsquo;\u00c9conomie Sociale et Solidaire.<\/p>\n\n\n\n<p style=\"font-size:16px\">Son objectif est de partager l&rsquo;exp\u00e9rience acquise aupr\u00e8s des Entreprises Adapt\u00e9es et des Entreprises d&rsquo;Insertion avec tous les employeurs souhaitant renforcer leur mod\u00e8le \u00e9conomique et mettre en oeuvre une gestion des ressources humaines soucieuse de l&rsquo;\u00e9panouissement des collaborateurs et de la cr\u00e9ation d&#8217;emplois durables.<\/p>\n\n\n<hr size=\"4\" width=\"100%\" \/>\n\n\n<p class=\"has-text-align-center has-text-color\" style=\"color:#6ec896\"><strong><a href=\"https:\/\/www.alterama.fr\/wp-content\/uploads\/2024\/06\/Plaquette-ALTERAMA-2024.pdf\" target=\"_blank\" rel=\"noreferrer noopener\">T\u00e9l\u00e9chargez notre plaquette<\/a><\/strong><\/p>\n\n\n\n<p class=\"has-text-align-center\">Pour en savoir plus, <a href=\"https:\/\/www.alterama.fr\/index.php\/contactez-nous\/\"><strong>contactez nous !<\/strong><\/a><\/p>\n\n\n\n<p style=\"color:#ffffff;font-size:1px\" class=\"has-text-color\">D\u00e9duction AGEFIPH. Obligation d&#8217;emploi de travailleurs handicap\u00e9s. OETH. Reconnaissance de la qualit\u00e9 de Travailleur Handicap\u00e9. Mission Handicap. Plan handicap. Politique handicap. D\u00e9marche handicap. Handicap. Insertion. Inclusion. Insertion professionnelle. Inclusion professionnelle. Parcours de formation. Formation. Taxe AGEFIPH. Contribution \u00e0 l&rsquo;AGEFIPH. Cr\u00e9ation d&#8217;emploi. Entreprise solidaire. Secteur prot\u00e9g\u00e9 et adapt\u00e9. Secteur adapt\u00e9. Secteur prot\u00e9g\u00e9. Entreprise Adapt\u00e9e. ESAT. EA Etablissement de Service d&rsquo;Aide par le Travail. Unit\u00e9 B\u00e9n\u00e9ficiaire. R\u00e9duction taxe AGEFIPH. Agr\u00e9ment. Solidaire. Achats responsables. Achats solidaires. RSE. Responsabilit\u00e9 Sociale des Entreprises. Responsabilit\u00e9 Sociale et Environnementale. D\u00e9veloppement durable. Insertion par l&rsquo;Activit\u00e9 Economique. Entreprise d&rsquo;Insertion.<\/p>\n","protected":false},"excerpt":{"rendered":"<p>Nous sommes convaincus que les acteurs de l\u2019Insertion par l\u2019Activit\u00e9 \u00c9conomique (IAE) et les entreprises \u00ab\u00a0conventionnelles\u00a0\u00bb doivent s\u2019inspirer mutuellement. En effet, si un projet social ambitieux est\u00a0 un \u00e9l\u00e9ment cl\u00e9 de la\u00a0 viabilit\u00e9 \u00e9conomique d\u2019une organisation, un mod\u00e8le \u00e9conomique solide<\/p>\n","protected":false},"author":1,"featured_media":0,"parent":0,"menu_order":1,"comment_status":"closed","ping_status":"closed","template":"","meta":{"footnotes":""},"yoast_head":"<!-- This site is optimized with the Yoast SEO plugin v20.4 - https:\/\/yoast.com\/wordpress\/plugins\/seo\/ -->\n<title>Vous faciliter la cr\u00e9ation d&#039;emplois solidaires - Alterama.fr<\/title>\n<meta name=\"description\" content=\"ALTERAMA vous facilite la cr\u00e9ation d&#039;emplois solidaires, dans une d\u00e9marche au service de l&#039;humain et de la performance de votre organisation\" \/>\n<meta name=\"robots\" content=\"index, follow, max-snippet:-1, max-image-preview:large, max-video-preview:-1\" \/>\n<link rel=\"canonical\" href=\"https:\/\/www.alterama.fr\/\" \/>\n<meta property=\"og:locale\" content=\"fr_FR\" \/>\n<meta property=\"og:type\" content=\"article\" \/>\n<meta property=\"og:title\" content=\"Vous faciliter la cr\u00e9ation d&#039;emplois solidaires - Alterama.fr\" \/>\n<meta property=\"og:description\" content=\"ALTERAMA vous facilite la cr\u00e9ation d&#039;emplois solidaires, dans une d\u00e9marche au service de l&#039;humain et de la performance de votre organisation\" \/>\n<meta property=\"og:url\" content=\"https:\/\/www.alterama.fr\/\" \/>\n<meta property=\"og:site_name\" content=\"Alterama.fr\" \/>\n<meta property=\"article:publisher\" content=\"https:\/\/www.facebook.com\/alteramaconseil\" \/>\n<meta property=\"article:modified_time\" content=\"2024-06-13T09:08:30+00:00\" \/>\n<meta property=\"og:image\" content=\"https:\/\/www.alterama.fr\/wp-content\/uploads\/2019\/03\/ALTERAMA-9.png\" \/>\n<meta name=\"twitter:card\" content=\"summary_large_image\" \/>\n<meta name=\"twitter:label1\" content=\"Dur\u00e9e de lecture estim\u00e9e\" \/>\n\t<meta name=\"twitter:data1\" content=\"2 minutes\" \/>\n<script type=\"application\/ld+json\" class=\"yoast-schema-graph\">{\"@context\":\"https:\/\/schema.org\",\"@graph\":[{\"@type\":\"WebPage\",\"@id\":\"https:\/\/www.alterama.fr\/\",\"url\":\"https:\/\/www.alterama.fr\/\",\"name\":\"Vous faciliter la cr\u00e9ation d'emplois solidaires - Alterama.fr\",\"isPartOf\":{\"@id\":\"https:\/\/www.alterama.fr\/#website\"},\"datePublished\":\"2019-02-20T14:31:21+00:00\",\"dateModified\":\"2024-06-13T09:08:30+00:00\",\"description\":\"ALTERAMA vous facilite la cr\u00e9ation d'emplois solidaires, dans une d\u00e9marche au service de l'humain et de la performance de votre organisation\",\"breadcrumb\":{\"@id\":\"https:\/\/www.alterama.fr\/#breadcrumb\"},\"inLanguage\":\"fr-FR\",\"potentialAction\":[{\"@type\":\"ReadAction\",\"target\":[\"https:\/\/www.alterama.fr\/\"]}]},{\"@type\":\"BreadcrumbList\",\"@id\":\"https:\/\/www.alterama.fr\/#breadcrumb\",\"itemListElement\":[{\"@type\":\"ListItem\",\"position\":1,\"name\":\"Accueil\",\"item\":\"https:\/\/www.alterama.fr\/\"},{\"@type\":\"ListItem\",\"position\":2,\"name\":\"Qui sommes-nous ?\"}]},{\"@type\":\"WebSite\",\"@id\":\"https:\/\/www.alterama.fr\/#website\",\"url\":\"https:\/\/www.alterama.fr\/\",\"name\":\"Alterama\",\"description\":\"\",\"publisher\":{\"@id\":\"https:\/\/www.alterama.fr\/#organization\"},\"potentialAction\":[{\"@type\":\"SearchAction\",\"target\":{\"@type\":\"EntryPoint\",\"urlTemplate\":\"https:\/\/www.alterama.fr\/?s={search_term_string}\"},\"query-input\":\"required name=search_term_string\"}],\"inLanguage\":\"fr-FR\"},{\"@type\":\"Organization\",\"@id\":\"https:\/\/www.alterama.fr\/#organization\",\"name\":\"ALTERAMA\",\"url\":\"https:\/\/www.alterama.fr\/\",\"logo\":{\"@type\":\"ImageObject\",\"inLanguage\":\"fr-FR\",\"@id\":\"https:\/\/www.alterama.fr\/#\/schema\/logo\/image\/\",\"url\":\"https:\/\/www.alterama.fr\/wp-content\/uploads\/2019\/02\/Capture-d\u2019e\u0301cran-2019-02-20-a\u0300-15.51.09.png\",\"contentUrl\":\"https:\/\/www.alterama.fr\/wp-content\/uploads\/2019\/02\/Capture-d\u2019e\u0301cran-2019-02-20-a\u0300-15.51.09.png\",\"width\":2990,\"height\":454,\"caption\":\"ALTERAMA\"},\"image\":{\"@id\":\"https:\/\/www.alterama.fr\/#\/schema\/logo\/image\/\"},\"sameAs\":[\"https:\/\/www.facebook.com\/alteramaconseil\",\"https:\/\/www.linkedin.com\/company\/alterama\"]}]}<\/script>\n<!-- \/ Yoast SEO plugin. -->","yoast_head_json":{"title":"Vous faciliter la cr\u00e9ation d'emplois solidaires - Alterama.fr","description":"ALTERAMA vous facilite la cr\u00e9ation d'emplois solidaires, dans une d\u00e9marche au service de l'humain et de la performance de votre organisation","robots":{"index":"index","follow":"follow","max-snippet":"max-snippet:-1","max-image-preview":"max-image-preview:large","max-video-preview":"max-video-preview:-1"},"canonical":"https:\/\/www.alterama.fr\/","og_locale":"fr_FR","og_type":"article","og_title":"Vous faciliter la cr\u00e9ation d'emplois solidaires - Alterama.fr","og_description":"ALTERAMA vous facilite la cr\u00e9ation d'emplois solidaires, dans une d\u00e9marche au service de l'humain et de la performance de votre organisation","og_url":"https:\/\/www.alterama.fr\/","og_site_name":"Alterama.fr","article_publisher":"https:\/\/www.facebook.com\/alteramaconseil","article_modified_time":"2024-06-13T09:08:30+00:00","og_image":[{"url":"https:\/\/www.alterama.fr\/wp-content\/uploads\/2019\/03\/ALTERAMA-9.png"}],"twitter_card":"summary_large_image","twitter_misc":{"Dur\u00e9e de lecture estim\u00e9e":"2 minutes"},"schema":{"@context":"https:\/\/schema.org","@graph":[{"@type":"WebPage","@id":"https:\/\/www.alterama.fr\/","url":"https:\/\/www.alterama.fr\/","name":"Vous faciliter la cr\u00e9ation d'emplois solidaires - Alterama.fr","isPartOf":{"@id":"https:\/\/www.alterama.fr\/#website"},"datePublished":"2019-02-20T14:31:21+00:00","dateModified":"2024-06-13T09:08:30+00:00","description":"ALTERAMA vous facilite la cr\u00e9ation d'emplois solidaires, dans une d\u00e9marche au service de l'humain et de la performance de votre organisation","breadcrumb":{"@id":"https:\/\/www.alterama.fr\/#breadcrumb"},"inLanguage":"fr-FR","potentialAction":[{"@type":"ReadAction","target":["https:\/\/www.alterama.fr\/"]}]},{"@type":"BreadcrumbList","@id":"https:\/\/www.alterama.fr\/#breadcrumb","itemListElement":[{"@type":"ListItem","position":1,"name":"Accueil","item":"https:\/\/www.alterama.fr\/"},{"@type":"ListItem","position":2,"name":"Qui sommes-nous ?"}]},{"@type":"WebSite","@id":"https:\/\/www.alterama.fr\/#website","url":"https:\/\/www.alterama.fr\/","name":"Alterama","description":"","publisher":{"@id":"https:\/\/www.alterama.fr\/#organization"},"potentialAction":[{"@type":"SearchAction","target":{"@type":"EntryPoint","urlTemplate":"https:\/\/www.alterama.fr\/?s={search_term_string}"},"query-input":"required name=search_term_string"}],"inLanguage":"fr-FR"},{"@type":"Organization","@id":"https:\/\/www.alterama.fr\/#organization","name":"ALTERAMA","url":"https:\/\/www.alterama.fr\/","logo":{"@type":"ImageObject","inLanguage":"fr-FR","@id":"https:\/\/www.alterama.fr\/#\/schema\/logo\/image\/","url":"https:\/\/www.alterama.fr\/wp-content\/uploads\/2019\/02\/Capture-d\u2019e\u0301cran-2019-02-20-a\u0300-15.51.09.png","contentUrl":"https:\/\/www.alterama.fr\/wp-content\/uploads\/2019\/02\/Capture-d\u2019e\u0301cran-2019-02-20-a\u0300-15.51.09.png","width":2990,"height":454,"caption":"ALTERAMA"},"image":{"@id":"https:\/\/www.alterama.fr\/#\/schema\/logo\/image\/"},"sameAs":["https:\/\/www.facebook.com\/alteramaconseil","https:\/\/www.linkedin.com\/company\/alterama"]}]}},"_links":{"self":[{"href":"https:\/\/www.alterama.fr\/index.php\/wp-json\/wp\/v2\/pages\/119"}],"collection":[{"href":"https:\/\/www.alterama.fr\/index.php\/wp-json\/wp\/v2\/pages"}],"about":[{"href":"https:\/\/www.alterama.fr\/index.php\/wp-json\/wp\/v2\/types\/page"}],"author":[{"embeddable":true,"href":"https:\/\/www.alterama.fr\/index.php\/wp-json\/wp\/v2\/users\/1"}],"replies":[{"embeddable":true,"href":"https:\/\/www.alterama.fr\/index.php\/wp-json\/wp\/v2\/comments?post=119"}],"version-history":[{"count":143,"href":"https:\/\/www.alterama.fr\/index.php\/wp-json\/wp\/v2\/pages\/119\/revisions"}],"predecessor-version":[{"id":1459,"href":"https:\/\/www.alterama.fr\/index.php\/wp-json\/wp\/v2\/pages\/119\/revisions\/1459"}],"wp:attachment":[{"href":"https:\/\/www.alterama.fr\/index.php\/wp-json\/wp\/v2\/media?parent=119"}],"curies":[{"name":"wp","href":"https:\/\/api.w.org\/{rel}","templated":true}]}}